{"id":11418,"date":"2021-05-24T11:37:13","date_gmt":"2021-05-24T09:37:13","guid":{"rendered":"https:\/\/www.verduci.it\/?post_type=product&#038;p=11418"},"modified":"2026-02-19T08:36:38","modified_gmt":"2026-02-19T07:36:38","slug":"eco-colordoppler","status":"publish","type":"product","link":"https:\/\/www.verduci.it\/en\/prodotto\/eco-colordoppler\/","title":{"rendered":"Eco-Colordoppler"},"content":{"rendered":"<ol>\n<li>Physical foundations and technical principles<\/li>\n<li>Neurology: cerebral arterial circulation<\/li>\n<li>Thyroid gland and cervical lymph nodes<\/li>\n<li>Peripheral arteries<\/li>\n<li>Peripheral veins<\/li>\n<li>Echocardiography (ECG)<\/li>\n<li>Abdominal arteries<\/li>\n<li>Hepatic vessels<\/li>\n<li>Differential diagnosis of focal hepatic lesions<\/li>\n<li>Nephrology<\/li>\n<li>Intestinal ultrasound<\/li>\n<li>Technological innovations<\/li>\n<\/ol>\n<h3>Answers to the questions<\/h3>\n<h3>Index<\/h3>\n<h3>Bibliography<\/h3>\n","protected":false},"excerpt":{"rendered":"<p><strong>Educational manual of Echo-Color Doppler and Echocardiography.<\/strong><\/p>\n<p>This manual was written with the aim of introducing the reader, through an interdisciplinary approach, to the fascinating world of color imaging. We have sought to avoid passive instructions in favor of an interactive teaching method that includes, at the end of each chapter, questions and problems useful for reviewing the material presented in the text. This approach simplifies learning and memorization of the topics covered, to your benefit.<\/p>\n<p>For the same reason, in order to facilitate anatomical orientation and the identification of structures, we have created explanatory drawings alongside the complex echo-color Doppler images. Try to identify the structures indicated in the drawings by numbers before checking your answer on the inside cover. Experience shows that this is the most immediate and intuitive method of learning, rather than \u201cnavigating\u201d between drawings and abbreviations. If you consider the sporting aspect, you might even find it enjoyable.<\/p>\n<p>The approach used in this book is based on the authors\u2019 experience gained in the context of educational courses in ECD. The interdisciplinary courses, an integral part of the Arbeitsgruppe Medizindidaktik D\u00fcsseldorf, limited to groups of five participants per tutor, have achieved great success and widespread approval (www.medidak.de).<\/p>\n<p>As instructors, we have gathered the participation of colleagues Franca Bergfelder, Jonathan Br\u00fcck, Klemens Freitag, Ira Gabor, Arnd Giese, Fabian Girke, Maike H\u00fcssmann, Anne J\u00e4ckel, Kai Jannusch, Kathrin Klein, Nicole Majewski, Alice and Ole Martin, Ralf Rulands, Stefan Schmidt, Thomas Schmidt, Isabelle Stetter, Christian Weigel, Daniel Weiss and Bj\u00f6rn Wieland.<\/p>\n<p>We also extend our thanks to Samsung Electronics, which contributed to the printing costs of the German edition and provided some images. We thank Ms. Ramona Sprenger and Mr. Jens Kellersmann, who meticulously carried out the refinement work and provided numerous proposals for modification and improvement of the creative editorial layout and graphic design.<\/p>\n<p>It was possible to include numerous images contained in the cardiology chapter thanks to the friendship and availability of the Director of our Clinic of Cardiology, Bronchopneumology and Angiology, Univ. Prof. Dr. Malte Kelm.<\/p>\n<p>I sincerely thank the two expert colleagues Dr. Georg Gro\u00df and Dr. Alexis-M\u00fcller Marbach who, with their expertise, provided valuable and useful suggestions in the field of gastroenterology, as well as in the iconography, ensuring ease of understanding for the reader.<\/p>\n<p>In the belief that reading this text will inspire you to further explore the topics covered, I wish you success in applying what you have learned in your professional activity.<\/p>\n<p><strong>Bern,<\/strong><br \/>\nPD Matthias Hofer, MD, MPH<br \/>\nMaster of Medical Education (MME)<br \/>\nDiagnostic Radiologist<br \/>\nDirector Education DIPR, Inselspital<br \/>\nBern University, Switzerland<\/p>\n","protected":false},"featured_media":7367,"template":"","meta":{"_acf_changed":false,"inline_featured_image":false},"product_brand":[],"product_cat":[1000,1019,1034],"product_tag":[934,933],"class_list":{"0":"post-11418","1":"product","2":"type-product","3":"status-publish","4":"has-post-thumbnail","6":"product_cat-angiology","7":"product_cat-general-medicine","8":"product_cat-radiology","9":"product_tag-homepage-en","10":"product_tag-news","11":"pa_autore-hofer-m","13":"first","14":"instock","15":"sale","16":"purchasable","17":"product-type-simple"},"acf":[],"yoast_head":"<!-- This site is optimized with the Yoast SEO plugin v27.4 - https:\/\/yoast.com\/product\/yoast-seo-wordpress\/ -->\n<title>Eco-Colordoppler | Matthias Hofer | Verduci Editore<\/title>\n<meta name=\"description\" content=\"Educational manual of Echo-Color Doppler and Echocardiography with interactive approach, explanatory illustrations and review questions. 5th edition.\" \/>\n<meta name=\"robots\" content=\"index, follow, max-snippet:-1, max-image-preview:large, max-video-preview:-1\" \/>\n<link rel=\"canonical\" href=\"https:\/\/www.verduci.it\/en\/prodotto\/eco-colordoppler\/\" \/>\n<meta property=\"og:locale\" content=\"en_US\" \/>\n<meta property=\"og:type\" content=\"article\" \/>\n<meta property=\"og:title\" content=\"Eco-Colordoppler | Matthias Hofer | Verduci Editore\" \/>\n<meta property=\"og:description\" content=\"Educational manual of Echo-Color Doppler and Echocardiography with interactive approach, explanatory illustrations and review questions. 5th edition.\" \/>\n<meta property=\"og:url\" content=\"https:\/\/www.verduci.it\/en\/prodotto\/eco-colordoppler\/\" \/>\n<meta property=\"og:site_name\" content=\"Verduci\" \/>\n<meta property=\"article:modified_time\" content=\"2026-02-19T07:36:38+00:00\" \/>\n<meta property=\"og:image\" content=\"https:\/\/www.verduci.it\/wp-content\/uploads\/2021\/05\/9791280331007.jpg\" \/>\n\t<meta property=\"og:image:width\" content=\"1842\" \/>\n\t<meta property=\"og:image:height\" content=\"2560\" \/>\n\t<meta property=\"og:image:type\" content=\"image\/jpeg\" \/>\n<meta name=\"twitter:card\" content=\"summary_large_image\" \/>\n<meta name=\"twitter:label1\" content=\"Est. reading time\" \/>\n\t<meta name=\"twitter:data1\" content=\"1 minute\" \/>\n<script type=\"application\/ld+json\" class=\"yoast-schema-graph\">{\"@context\":\"https:\\\/\\\/schema.org\",\"@graph\":[{\"@type\":\"WebPage\",\"@id\":\"https:\\\/\\\/www.verduci.it\\\/en\\\/prodotto\\\/eco-colordoppler\\\/\",\"url\":\"https:\\\/\\\/www.verduci.it\\\/en\\\/prodotto\\\/eco-colordoppler\\\/\",\"name\":\"Eco-Colordoppler | Matthias Hofer | Verduci Editore\",\"isPartOf\":{\"@id\":\"https:\\\/\\\/www.verduci.it\\\/#website\"},\"primaryImageOfPage\":{\"@id\":\"https:\\\/\\\/www.verduci.it\\\/en\\\/prodotto\\\/eco-colordoppler\\\/#primaryimage\"},\"image\":{\"@id\":\"https:\\\/\\\/www.verduci.it\\\/en\\\/prodotto\\\/eco-colordoppler\\\/#primaryimage\"},\"thumbnailUrl\":\"https:\\\/\\\/www.verduci.it\\\/wp-content\\\/uploads\\\/2021\\\/05\\\/9791280331007.jpg\",\"datePublished\":\"2021-05-24T09:37:13+00:00\",\"dateModified\":\"2026-02-19T07:36:38+00:00\",\"description\":\"Educational manual of Echo-Color Doppler and Echocardiography with interactive approach, explanatory illustrations and review questions. 5th edition.\",\"breadcrumb\":{\"@id\":\"https:\\\/\\\/www.verduci.it\\\/en\\\/prodotto\\\/eco-colordoppler\\\/#breadcrumb\"},\"inLanguage\":\"en-US\",\"potentialAction\":[{\"@type\":\"ReadAction\",\"target\":[\"https:\\\/\\\/www.verduci.it\\\/en\\\/prodotto\\\/eco-colordoppler\\\/\"]}]},{\"@type\":\"ImageObject\",\"inLanguage\":\"en-US\",\"@id\":\"https:\\\/\\\/www.verduci.it\\\/en\\\/prodotto\\\/eco-colordoppler\\\/#primaryimage\",\"url\":\"https:\\\/\\\/www.verduci.it\\\/wp-content\\\/uploads\\\/2021\\\/05\\\/9791280331007.jpg\",\"contentUrl\":\"https:\\\/\\\/www.verduci.it\\\/wp-content\\\/uploads\\\/2021\\\/05\\\/9791280331007.jpg\",\"width\":1842,\"height\":2560,\"caption\":\"Book cover of Eco-Colordoppler by Matthias Hofer, fifth edition\"},{\"@type\":\"BreadcrumbList\",\"@id\":\"https:\\\/\\\/www.verduci.it\\\/en\\\/prodotto\\\/eco-colordoppler\\\/#breadcrumb\",\"itemListElement\":[{\"@type\":\"ListItem\",\"position\":1,\"name\":\"Home\",\"item\":\"https:\\\/\\\/www.verduci.it\\\/en\\\/\"},{\"@type\":\"ListItem\",\"position\":2,\"name\":\"Shop\",\"item\":\"https:\\\/\\\/www.verduci.it\\\/en\\\/shop\\\/\"},{\"@type\":\"ListItem\",\"position\":3,\"name\":\"Eco-Colordoppler\"}]},{\"@type\":\"WebSite\",\"@id\":\"https:\\\/\\\/www.verduci.it\\\/#website\",\"url\":\"https:\\\/\\\/www.verduci.it\\\/\",\"name\":\"Verduci\",\"description\":\"Editoria Medico Scientifica Internazionale\",\"publisher\":{\"@id\":\"https:\\\/\\\/www.verduci.it\\\/#organization\"},\"potentialAction\":[{\"@type\":\"SearchAction\",\"target\":{\"@type\":\"EntryPoint\",\"urlTemplate\":\"https:\\\/\\\/www.verduci.it\\\/?s={search_term_string}\"},\"query-input\":{\"@type\":\"PropertyValueSpecification\",\"valueRequired\":true,\"valueName\":\"search_term_string\"}}],\"inLanguage\":\"en-US\"},{\"@type\":\"Organization\",\"@id\":\"https:\\\/\\\/www.verduci.it\\\/#organization\",\"name\":\"Verduci Editore s.r.l.\",\"url\":\"https:\\\/\\\/www.verduci.it\\\/\",\"logo\":{\"@type\":\"ImageObject\",\"inLanguage\":\"en-US\",\"@id\":\"https:\\\/\\\/www.verduci.it\\\/#\\\/schema\\\/logo\\\/image\\\/\",\"url\":\"https:\\\/\\\/www.verduci.it\\\/wp-content\\\/uploads\\\/2020\\\/04\\\/verduci-editore-logo.svg\",\"contentUrl\":\"https:\\\/\\\/www.verduci.it\\\/wp-content\\\/uploads\\\/2020\\\/04\\\/verduci-editore-logo.svg\",\"width\":\"1024\",\"height\":\"1024\",\"caption\":\"Verduci Editore s.r.l.\"},\"image\":{\"@id\":\"https:\\\/\\\/www.verduci.it\\\/#\\\/schema\\\/logo\\\/image\\\/\"}}]}<\/script>\n<!-- \/ Yoast SEO plugin. -->","yoast_head_json":{"title":"Eco-Colordoppler | Matthias Hofer | Verduci Editore","description":"Educational manual of Echo-Color Doppler and Echocardiography with interactive approach, explanatory illustrations and review questions. 5th edition.","robots":{"index":"index","follow":"follow","max-snippet":"max-snippet:-1","max-image-preview":"max-image-preview:large","max-video-preview":"max-video-preview:-1"},"canonical":"https:\/\/www.verduci.it\/en\/prodotto\/eco-colordoppler\/","og_locale":"en_US","og_type":"article","og_title":"Eco-Colordoppler | Matthias Hofer | Verduci Editore","og_description":"Educational manual of Echo-Color Doppler and Echocardiography with interactive approach, explanatory illustrations and review questions. 5th edition.","og_url":"https:\/\/www.verduci.it\/en\/prodotto\/eco-colordoppler\/","og_site_name":"Verduci","article_modified_time":"2026-02-19T07:36:38+00:00","og_image":[{"width":1842,"height":2560,"url":"https:\/\/www.verduci.it\/wp-content\/uploads\/2021\/05\/9791280331007.jpg","type":"image\/jpeg"}],"twitter_card":"summary_large_image","twitter_misc":{"Est. reading time":"1 minute"},"schema":{"@context":"https:\/\/schema.org","@graph":[{"@type":"WebPage","@id":"https:\/\/www.verduci.it\/en\/prodotto\/eco-colordoppler\/","url":"https:\/\/www.verduci.it\/en\/prodotto\/eco-colordoppler\/","name":"Eco-Colordoppler | Matthias Hofer | Verduci Editore","isPartOf":{"@id":"https:\/\/www.verduci.it\/#website"},"primaryImageOfPage":{"@id":"https:\/\/www.verduci.it\/en\/prodotto\/eco-colordoppler\/#primaryimage"},"image":{"@id":"https:\/\/www.verduci.it\/en\/prodotto\/eco-colordoppler\/#primaryimage"},"thumbnailUrl":"https:\/\/www.verduci.it\/wp-content\/uploads\/2021\/05\/9791280331007.jpg","datePublished":"2021-05-24T09:37:13+00:00","dateModified":"2026-02-19T07:36:38+00:00","description":"Educational manual of Echo-Color Doppler and Echocardiography with interactive approach, explanatory illustrations and review questions. 5th edition.","breadcrumb":{"@id":"https:\/\/www.verduci.it\/en\/prodotto\/eco-colordoppler\/#breadcrumb"},"inLanguage":"en-US","potentialAction":[{"@type":"ReadAction","target":["https:\/\/www.verduci.it\/en\/prodotto\/eco-colordoppler\/"]}]},{"@type":"ImageObject","inLanguage":"en-US","@id":"https:\/\/www.verduci.it\/en\/prodotto\/eco-colordoppler\/#primaryimage","url":"https:\/\/www.verduci.it\/wp-content\/uploads\/2021\/05\/9791280331007.jpg","contentUrl":"https:\/\/www.verduci.it\/wp-content\/uploads\/2021\/05\/9791280331007.jpg","width":1842,"height":2560,"caption":"Book cover of Eco-Colordoppler by Matthias Hofer, fifth edition"},{"@type":"BreadcrumbList","@id":"https:\/\/www.verduci.it\/en\/prodotto\/eco-colordoppler\/#breadcrumb","itemListElement":[{"@type":"ListItem","position":1,"name":"Home","item":"https:\/\/www.verduci.it\/en\/"},{"@type":"ListItem","position":2,"name":"Shop","item":"https:\/\/www.verduci.it\/en\/shop\/"},{"@type":"ListItem","position":3,"name":"Eco-Colordoppler"}]},{"@type":"WebSite","@id":"https:\/\/www.verduci.it\/#website","url":"https:\/\/www.verduci.it\/","name":"Verduci","description":"Editoria Medico Scientifica Internazionale","publisher":{"@id":"https:\/\/www.verduci.it\/#organization"},"potentialAction":[{"@type":"SearchAction","target":{"@type":"EntryPoint","urlTemplate":"https:\/\/www.verduci.it\/?s={search_term_string}"},"query-input":{"@type":"PropertyValueSpecification","valueRequired":true,"valueName":"search_term_string"}}],"inLanguage":"en-US"},{"@type":"Organization","@id":"https:\/\/www.verduci.it\/#organization","name":"Verduci Editore s.r.l.","url":"https:\/\/www.verduci.it\/","logo":{"@type":"ImageObject","inLanguage":"en-US","@id":"https:\/\/www.verduci.it\/#\/schema\/logo\/image\/","url":"https:\/\/www.verduci.it\/wp-content\/uploads\/2020\/04\/verduci-editore-logo.svg","contentUrl":"https:\/\/www.verduci.it\/wp-content\/uploads\/2020\/04\/verduci-editore-logo.svg","width":"1024","height":"1024","caption":"Verduci Editore s.r.l."},"image":{"@id":"https:\/\/www.verduci.it\/#\/schema\/logo\/image\/"}}]}},"_links":{"self":[{"href":"https:\/\/www.verduci.it\/en\/wp-json\/wp\/v2\/product\/11418","targetHints":{"allow":["GET"]}}],"collection":[{"href":"https:\/\/www.verduci.it\/en\/wp-json\/wp\/v2\/product"}],"about":[{"href":"https:\/\/www.verduci.it\/en\/wp-json\/wp\/v2\/types\/product"}],"wp:featuredmedia":[{"embeddable":true,"href":"https:\/\/www.verduci.it\/en\/wp-json\/wp\/v2\/media\/7367"}],"wp:attachment":[{"href":"https:\/\/www.verduci.it\/en\/wp-json\/wp\/v2\/media?parent=11418"}],"wp:term":[{"taxonomy":"product_brand","embeddable":true,"href":"https:\/\/www.verduci.it\/en\/wp-json\/wp\/v2\/product_brand?post=11418"},{"taxonomy":"product_cat","embeddable":true,"href":"https:\/\/www.verduci.it\/en\/wp-json\/wp\/v2\/product_cat?post=11418"},{"taxonomy":"product_tag","embeddable":true,"href":"https:\/\/www.verduci.it\/en\/wp-json\/wp\/v2\/product_tag?post=11418"}],"curies":[{"name":"wp","href":"https:\/\/api.w.org\/{rel}","templated":true}]}}